{"id":70944,"date":"2023-12-28T11:13:08","date_gmt":"2023-12-28T08:13:08","guid":{"rendered":"https:\/\/manotapyba.lt\/kontakti\/"},"modified":"2026-02-24T16:08:08","modified_gmt":"2026-02-24T14:08:08","slug":"kontakti","status":"publish","type":"page","link":"https:\/\/manotapyba.lt\/lv\/kontakti\/","title":{"rendered":"Kontakti"},"content":{"rendered":"\n<p><\/p>\n\n\n<style>.kb-row-layout-id70944_975707-0b > .kt-row-column-wrap{align-content:start;}:where(.kb-row-layout-id70944_975707-0b > .kt-row-column-wrap) > .wp-block-kadence-column{justify-content:start;}.kb-row-layout-id70944_975707-0b > .kt-row-column-wrap{column-gap:var(--global-kb-gap-md, 2rem);row-gap:var(--global-kb-gap-md, 2rem);padding-top:var(--global-kb-spacing-sm, 1.5rem);padding-bottom:var(--global-kb-spacing-sm, 1.5rem);grid-template-columns:repeat(2, minmax(0, 1fr));}.kb-row-layout-id70944_975707-0b > .kt-row-layout-overlay{opacity:0.30;}@media all and (max-width: 1024px){.kb-row-layout-id70944_975707-0b > .kt-row-column-wrap{grid-template-columns:repeat(2, minmax(0, 1fr));}}@media all and (max-width: 767px){.kb-row-layout-id70944_975707-0b > .kt-row-column-wrap{grid-template-columns:minmax(0, 1fr);}}<\/style><div class=\"kb-row-layout-wrap kb-row-layout-id70944_975707-0b alignnone wp-block-kadence-rowlayout\"><div class=\"kt-row-column-wrap kt-has-2-columns kt-row-layout-equal kt-tab-layout-inherit kt-mobile-layout-row kt-row-valign-top\">\n<style>.kadence-column70944_aace00-ec > .kt-inside-inner-col,.kadence-column70944_aace00-ec > .kt-inside-inner-col:before{border-top-left-radius:0px;border-top-right-radius:0px;border-bottom-right-radius:0px;border-bottom-left-radius:0px;}.kadence-column70944_aace00-ec > .kt-inside-inner-col{column-gap:var(--global-kb-gap-sm, 1rem);}.kadence-column70944_aace00-ec > .kt-inside-inner-col{flex-direction:column;}.kadence-column70944_aace00-ec > .kt-inside-inner-col > .aligncenter{width:100%;}.kadence-column70944_aace00-ec > .kt-inside-inner-col:before{opacity:0.3;}.kadence-column70944_aace00-ec{position:relative;}@media all and (max-width: 1024px){.kadence-column70944_aace00-ec > .kt-inside-inner-col{flex-direction:column;justify-content:center;}}@media all and (max-width: 767px){.kadence-column70944_aace00-ec > .kt-inside-inner-col{flex-direction:column;justify-content:center;}}<\/style>\n<div class=\"wp-block-kadence-column kadence-column70944_aace00-ec\"><div class=\"kt-inside-inner-col\">\n<div class=\"wp-block-group has-global-padding is-layout-constrained wp-block-group-is-layout-constrained\">\n<h2 class=\"wp-block-heading\">Sazinies ar mums<\/h2>\n\n\n\n<p>Vai jums ir k\u0101di jaut\u0101jumi par produktiem vai v\u0113laties veikt pas\u016bt\u012bjumu? ManoTapyba.lt komanda ar prieku atbild\u0113s uz visiem jaut\u0101jumiem pa t\u0101lruni vai e-pastu!<\/p>\n\n\n\n<p><strong>MB &#8220;GUSTIO&#8221;<\/strong><br><strong><strong>Re\u0123. numurs:<\/strong><\/strong> 307058614<br><strong>PVN maks\u0101t\u0101ja kods:<\/strong> LT100018371312<br><strong><strong>T\u0101lr. Nr<\/strong><\/strong>.<strong>:<\/strong> <a href=\"tel:+37068296357\" data-type=\"tel\" data-id=\"tel:+37068296357\">+37068296357<\/a><br><strong>El. pa\u0161tas:<\/strong> <a href=\"mailto:info@manotapyba.lt\">info@manotapyba.lt<\/a><\/p>\n\n\n<style>.kb-row-layout-id70944_d28577-da > .kt-row-column-wrap{align-content:start;}:where(.kb-row-layout-id70944_d28577-da > .kt-row-column-wrap) > .wp-block-kadence-column{justify-content:start;}.kb-row-layout-id70944_d28577-da > .kt-row-column-wrap{column-gap:var(--global-kb-gap-md, 2rem);row-gap:var(--global-kb-gap-md, 2rem);padding-top:var(--global-kb-spacing-sm, 1.5rem);padding-bottom:var(--global-kb-spacing-sm, 1.5rem);grid-template-columns:minmax(0, 1fr);}.kb-row-layout-id70944_d28577-da > .kt-row-layout-overlay{opacity:0.30;}@media all and (max-width: 1024px){.kb-row-layout-id70944_d28577-da > .kt-row-column-wrap{grid-template-columns:minmax(0, 1fr);}}@media all and (max-width: 767px){.kb-row-layout-id70944_d28577-da > .kt-row-column-wrap{grid-template-columns:minmax(0, 1fr);}}<\/style><div class=\"kb-row-layout-wrap kb-row-layout-id70944_d28577-da alignnone wp-block-kadence-rowlayout\"><div class=\"kt-row-column-wrap kt-has-1-columns kt-row-layout-equal kt-tab-layout-inherit kt-mobile-layout-row kt-row-valign-top\">\n<style>.kadence-column70944_9c33b3-b1 > .kt-inside-inner-col{display:flex;}.kadence-column70944_9c33b3-b1 > .kt-inside-inner-col,.kadence-column70944_9c33b3-b1 > .kt-inside-inner-col:before{border-top-left-radius:0px;border-top-right-radius:0px;border-bottom-right-radius:0px;border-bottom-left-radius:0px;}.kadence-column70944_9c33b3-b1 > .kt-inside-inner-col{column-gap:var(--global-kb-gap-sm, 1rem);}.kadence-column70944_9c33b3-b1 > .kt-inside-inner-col{flex-direction:row;flex-wrap:wrap;align-items:center;justify-content:flex-start;}.kadence-column70944_9c33b3-b1 > .kt-inside-inner-col > *, .kadence-column70944_9c33b3-b1 > .kt-inside-inner-col > figure.wp-block-image, .kadence-column70944_9c33b3-b1 > .kt-inside-inner-col > figure.wp-block-kadence-image{margin-top:0px;margin-bottom:0px;}.kadence-column70944_9c33b3-b1 > .kt-inside-inner-col > .kb-image-is-ratio-size{flex-grow:1;}.kadence-column70944_9c33b3-b1 > .kt-inside-inner-col:before{opacity:0.3;}.kadence-column70944_9c33b3-b1{position:relative;}@media all and (max-width: 1024px){.kadence-column70944_9c33b3-b1 > .kt-inside-inner-col{flex-direction:row;flex-wrap:wrap;align-items:center;justify-content:flex-start;}}@media all and (min-width: 768px) and (max-width: 1024px){.kadence-column70944_9c33b3-b1 > .kt-inside-inner-col > *, .kadence-column70944_9c33b3-b1 > .kt-inside-inner-col > figure.wp-block-image, .kadence-column70944_9c33b3-b1 > .kt-inside-inner-col > figure.wp-block-kadence-image{margin-top:0px;margin-bottom:0px;}.kadence-column70944_9c33b3-b1 > .kt-inside-inner-col > .kb-image-is-ratio-size{flex-grow:1;}}@media all and (max-width: 767px){.kadence-column70944_9c33b3-b1 > .kt-inside-inner-col{flex-direction:row;flex-wrap:wrap;justify-content:flex-start;justify-content:flex-start;}.kadence-column70944_9c33b3-b1 > .kt-inside-inner-col > *, .kadence-column70944_9c33b3-b1 > .kt-inside-inner-col > figure.wp-block-image, .kadence-column70944_9c33b3-b1 > .kt-inside-inner-col > figure.wp-block-kadence-image{margin-top:0px;margin-bottom:0px;}.kadence-column70944_9c33b3-b1 > .kt-inside-inner-col > .kb-image-is-ratio-size{flex-grow:1;}}<\/style>\n<div class=\"wp-block-kadence-column kadence-column70944_9c33b3-b1 kb-section-dir-horizontal\"><div class=\"kt-inside-inner-col\">\n<figure class=\"wp-block-image size-full is-resized\"><a href=\"https:\/\/www.instagram.com\/manotapyba.lt\/\"><img decoding=\"async\" src=\"https:\/\/manotapyba.lt\/wp-content\/uploads\/2025\/01\/instagram-1-svgrepo-com.svg\" alt=\"\" class=\"wp-image-63190\" style=\"aspect-ratio:1;object-fit:cover;width:55px\"><\/a><\/figure>\n\n\n\n<figure class=\"wp-block-image size-full is-resized\"><a href=\"https:\/\/www.facebook.com\/profile.php?id=61555523498723\" rel=\"nofollow noopener\" target=\"_blank\"><img decoding=\"async\" src=\"https:\/\/manotapyba.lt\/wp-content\/uploads\/2025\/01\/facebook-color-svgrepo-com.svg\" alt=\"\" class=\"wp-image-63189\" style=\"object-fit:cover;width:48px;height:auto\"><\/a><\/figure>\n<\/div><\/div>\n\n<\/div><\/div><\/div>\n<\/div><\/div>\n\n\n<style>.kadence-column70944_895e45-f1 > .kt-inside-inner-col{display:flex;}.kadence-column70944_895e45-f1 > .kt-inside-inner-col,.kadence-column70944_895e45-f1 > .kt-inside-inner-col:before{border-top-left-radius:0px;border-top-right-radius:0px;border-bottom-right-radius:0px;border-bottom-left-radius:0px;}.kadence-column70944_895e45-f1 > .kt-inside-inner-col{column-gap:var(--global-kb-gap-sm, 1rem);}.kadence-column70944_895e45-f1 > .kt-inside-inner-col{flex-direction:column;justify-content:center;align-items:center;}.kadence-column70944_895e45-f1 > .kt-inside-inner-col > .kb-image-is-ratio-size{align-self:stretch;}.kadence-column70944_895e45-f1 > .kt-inside-inner-col > .wp-block-kadence-advancedgallery{align-self:stretch;}.kadence-column70944_895e45-f1 > .kt-inside-inner-col > .aligncenter{width:100%;}.kt-row-column-wrap > .kadence-column70944_895e45-f1{align-self:center;}.kt-inner-column-height-full:not(.kt-has-1-columns) > .wp-block-kadence-column.kadence-column70944_895e45-f1{align-self:auto;}.kt-inner-column-height-full:not(.kt-has-1-columns) > .wp-block-kadence-column.kadence-column70944_895e45-f1 > .kt-inside-inner-col{flex-direction:column;justify-content:center;}.kadence-column70944_895e45-f1 > .kt-inside-inner-col:before{opacity:0.3;}.kadence-column70944_895e45-f1{position:relative;}@media all and (max-width: 1024px){.kt-row-column-wrap > .kadence-column70944_895e45-f1{align-self:center;}}@media all and (max-width: 1024px){.kt-inner-column-height-full:not(.kt-has-1-columns) > .wp-block-kadence-column.kadence-column70944_895e45-f1{align-self:auto;}}@media all and (max-width: 1024px){.kt-inner-column-height-full:not(.kt-has-1-columns) > .wp-block-kadence-column.kadence-column70944_895e45-f1 > .kt-inside-inner-col{flex-direction:column;justify-content:center;}}@media all and (max-width: 1024px){.kadence-column70944_895e45-f1 > .kt-inside-inner-col{flex-direction:column;justify-content:center;align-items:center;}}@media all and (max-width: 767px){.kt-row-column-wrap > .kadence-column70944_895e45-f1{align-self:center;}.kt-inner-column-height-full:not(.kt-has-1-columns) > .wp-block-kadence-column.kadence-column70944_895e45-f1{align-self:auto;}.kt-inner-column-height-full:not(.kt-has-1-columns) > .wp-block-kadence-column.kadence-column70944_895e45-f1 > .kt-inside-inner-col{flex-direction:column;justify-content:center;}.kadence-column70944_895e45-f1 > .kt-inside-inner-col{flex-direction:column;justify-content:center;align-items:center;}}<\/style>\n<div class=\"wp-block-kadence-column kadence-column70944_895e45-f1\"><div class=\"kt-inside-inner-col\">\n<div class=\"wpcf7 no-js\" id=\"wpcf7-f86883-o1\" lang=\"lt-LT\" dir=\"ltr\" data-wpcf7-id=\"86883\">\n<div class=\"screen-reader-response\"><p role=\"status\" aria-live=\"polite\" aria-atomic=\"true\"><\/p> <ul><\/ul><\/div>\n<form action=\"\/lv\/wp-json\/wp\/v2\/pages\/70944#wpcf7-f86883-o1\" method=\"post\" class=\"wpcf7-form init\" aria-label=\"Contact form\" novalidate=\"novalidate\" data-status=\"init\">\n<fieldset class=\"hidden-fields-container\"><input type=\"hidden\" name=\"_wpcf7\" value=\"86883\" \/><input type=\"hidden\" name=\"_wpcf7_version\" value=\"6.1.5\" \/><input type=\"hidden\" name=\"_wpcf7_locale\" value=\"lt_LT\" \/><input type=\"hidden\" name=\"_wpcf7_unit_tag\" value=\"wpcf7-f86883-o1\" \/><input type=\"hidden\" name=\"_wpcf7_container_post\" value=\"0\" \/><input type=\"hidden\" name=\"_wpcf7_posted_data_hash\" value=\"\" \/>\n<\/fieldset>\n<p><label> Tavs v\u0101rds<br \/>\n<span class=\"wpcf7-form-control-wrap\" data-name=\"your-name\"><input size=\"40\" maxlength=\"400\" class=\"wpcf7-form-control wpcf7-text wpcf7-validates-as-required\" autocomplete=\"name\" aria-required=\"true\" aria-invalid=\"false\" value=\"\" type=\"text\" name=\"your-name\" \/><\/span> <\/label>\n<\/p>\n<p><label> J\u016bsu e-pasts<br \/>\n<span class=\"wpcf7-form-control-wrap\" data-name=\"your-email\"><input size=\"40\" maxlength=\"400\" class=\"wpcf7-form-control wpcf7-email wpcf7-validates-as-required wpcf7-text wpcf7-validates-as-email\" autocomplete=\"email\" aria-required=\"true\" aria-invalid=\"false\" value=\"\" type=\"email\" name=\"your-email\" \/><\/span> <\/label>\n<\/p>\n<p><label> Dizains<br \/>\n<span class=\"wpcf7-form-control-wrap\" data-name=\"your-subject\"><input size=\"40\" maxlength=\"400\" class=\"wpcf7-form-control wpcf7-text wpcf7-validates-as-required\" aria-required=\"true\" aria-invalid=\"false\" value=\"\" type=\"text\" name=\"your-subject\" \/><\/span> <\/label>\n<\/p>\n<p><label> J\u016bsu zi\u0146a<br \/>\n<span class=\"wpcf7-form-control-wrap\" data-name=\"your-message\"><textarea cols=\"40\" rows=\"10\" maxlength=\"2000\" class=\"wpcf7-form-control wpcf7-textarea\" aria-invalid=\"false\" name=\"your-message\"><\/textarea><\/span> <\/label>\n<\/p>\n<p><input class=\"wpcf7-form-control wpcf7-submit has-spinner\" type=\"submit\" value=\"Iesniegt\" \/>\n<\/p><div class=\"wpcf7-response-output\" aria-hidden=\"true\"><\/div>\n<\/form>\n<\/div>\n\n<\/div><\/div>\n\n<\/div><\/div>","protected":false},"excerpt":{"rendered":"<p>Sazinies ar mums Vai jums ir k\u0101di jaut\u0101jumi par produktiem vai v\u0113laties veikt pas\u016bt\u012bjumu? ManoTapyba.lt komanda ar prieku atbild\u0113s uz visiem jaut\u0101jumiem pa t\u0101lruni vai e-pastu! MB &#8220;GUSTIO&#8221;Re\u0123. numurs: 307058614PVN maks\u0101t\u0101ja kods: LT100018371312T\u0101lr. Nr.: +37068296357El. pa\u0161tas: info@manotapyba.lt<\/p>\n","protected":false},"author":1,"featured_media":0,"parent":0,"menu_order":0,"comment_status":"closed","ping_status":"closed","template":"","meta":{"footnotes":""},"class_list":["post-70944","page","type-page","status-publish","hentry"],"_links":{"self":[{"href":"https:\/\/manotapyba.lt\/lv\/wp-json\/wp\/v2\/pages\/70944","targetHints":{"allow":["GET"]}}],"collection":[{"href":"https:\/\/manotapyba.lt\/lv\/wp-json\/wp\/v2\/pages"}],"about":[{"href":"https:\/\/manotapyba.lt\/lv\/wp-json\/wp\/v2\/types\/page"}],"author":[{"embeddable":true,"href":"https:\/\/manotapyba.lt\/lv\/wp-json\/wp\/v2\/users\/1"}],"replies":[{"embeddable":true,"href":"https:\/\/manotapyba.lt\/lv\/wp-json\/wp\/v2\/comments?post=70944"}],"version-history":[{"count":0,"href":"https:\/\/manotapyba.lt\/lv\/wp-json\/wp\/v2\/pages\/70944\/revisions"}],"wp:attachment":[{"href":"https:\/\/manotapyba.lt\/lv\/wp-json\/wp\/v2\/media?parent=70944"}],"curies":[{"name":"wp","href":"https:\/\/api.w.org\/{rel}","templated":true}]}}