{"id":71002,"date":"2025-02-27T20:04:51","date_gmt":"2025-02-27T18:04:51","guid":{"rendered":"https:\/\/manotapyba.lt\/p\/balta-simfonija\/"},"modified":"2025-02-27T21:04:51","modified_gmt":"2025-02-27T18:04:51","slug":"balta-simfonija","status":"publish","type":"product","link":"https:\/\/manotapyba.lt\/lv\/p\/balta-simfonija\/","title":{"rendered":"Balt\u0101 simfonija"},"content":{"rendered":"","protected":false},"excerpt":{"rendered":"<p>Vai v\u0113lies izm\u0113\u0123in\u0101t jaunu br\u012bv\u0101 laika nodarbi? Vai varb\u016bt veidu, k\u0101 nomierin\u0101t steidz\u012bg\u0101s domas? <\/p>\n<p>M\u016bsu kr\u0101so\u0161anas p\u0113c skait\u013ciem komplekti ir tie\u0161i tas, ko j\u016bs mekl\u0113jat! \u0160\u012b kr\u0101sain\u0101 aktivit\u0101te \u013caus jums atp\u016bsties p\u0113c saspringtas dienas | koncentr\u0113ties uz \u0161eit un tagad un atbr\u012bvot savu rado\u0161o dv\u0113seli.  Neskaitiet laiku un izbaudiet kr\u0101saino terapiju katru dienu!<\/p>\n<p>Glezna ir uzst\u0101d\u012bta uz koka r\u0101mja un numur\u0113ta t\u0101, ka katram ciparam ir pie\u0161\u0137irta konkr\u0113ta kr\u0101sa. Viss, kas tev j\u0101dara, ir j\u0101izkr\u0101so katrs numur\u0113tais laukumi\u0146\u0161 ar atbilsto\u0161o kr\u0101su. <\/p>\n<p>Izv\u0113l\u0113tais gleznojums aiz\u0146ems apm\u0113ram 5\u20137 stundas, atkar\u012bb\u0101 no sare\u017e\u0123\u012bt\u012bbas un kr\u0101su skaita.<\/p>\n<p>Lai jautra glezno\u0161ana!<\/p>\n","protected":false},"featured_media":71003,"template":"","meta":[],"product_brand":[],"product_cat":[251,221],"product_tag":[],"class_list":{"0":"post-71002","1":"product","2":"type-product","3":"status-publish","4":"has-post-thumbnail","6":"product_cat-apzeltits","7":"product_cat-ziedi","8":"pa_kategorija-apzeltits","9":"pa_kategorija-ziedi","10":"pa_paveikslo-dydis-40-x-50-cm-lv","11":"pa_sudetingumas-132","13":"first","14":"instock","15":"sale","16":"taxable","17":"shipping-taxable","18":"purchasable","19":"product-type-simple"},"_links":{"self":[{"href":"https:\/\/manotapyba.lt\/lv\/wp-json\/wp\/v2\/product\/71002","targetHints":{"allow":["GET"]}}],"collection":[{"href":"https:\/\/manotapyba.lt\/lv\/wp-json\/wp\/v2\/product"}],"about":[{"href":"https:\/\/manotapyba.lt\/lv\/wp-json\/wp\/v2\/types\/product"}],"wp:featuredmedia":[{"embeddable":true,"href":"https:\/\/manotapyba.lt\/lv\/wp-json\/wp\/v2\/media\/71003"}],"wp:attachment":[{"href":"https:\/\/manotapyba.lt\/lv\/wp-json\/wp\/v2\/media?parent=71002"}],"wp:term":[{"taxonomy":"product_brand","embeddable":true,"href":"https:\/\/manotapyba.lt\/lv\/wp-json\/wp\/v2\/product_brand?post=71002"},{"taxonomy":"product_cat","embeddable":true,"href":"https:\/\/manotapyba.lt\/lv\/wp-json\/wp\/v2\/product_cat?post=71002"},{"taxonomy":"product_tag","embeddable":true,"href":"https:\/\/manotapyba.lt\/lv\/wp-json\/wp\/v2\/product_tag?post=71002"}],"curies":[{"name":"wp","href":"https:\/\/api.w.org\/{rel}","templated":true}]}}