{"id":71158,"date":"2024-12-01T16:27:33","date_gmt":"2024-12-01T14:27:33","guid":{"rendered":"https:\/\/manotapyba.lt\/p\/vinnijs-puks\/"},"modified":"2025-10-27T05:23:04","modified_gmt":"2025-10-27T02:23:04","slug":"vinnijs-puks","status":"publish","type":"product","link":"https:\/\/manotapyba.lt\/lv\/p\/vinnijs-puks\/","title":{"rendered":"Vinnijs P\u016bks"},"content":{"rendered":"","protected":false},"excerpt":{"rendered":"<p>Vai v\u0113lies izm\u0113\u0123in\u0101t jaunu br\u012bv\u0101 laika nodarbi? Vai varb\u016bt veidu, k\u0101 nomierin\u0101t steidz\u012bg\u0101s domas? <\/p>\n<p>M\u016bsu kr\u0101so\u0161anas p\u0113c skait\u013ciem komplekti ir tie\u0161i tas, ko j\u016bs mekl\u0113jat! \u0160\u012b kr\u0101sain\u0101 aktivit\u0101te \u013caus jums atp\u016bsties p\u0113c saspringtas dienas, koncentr\u0113ties uz \u0161eit un tagad un atbr\u012bvot savu rado\u0161o dv\u0113seli.  Neskaitiet laiku un izbaudiet kr\u0101saino terapiju katru dienu!<\/p>\n<p>Audekls ir p\u0101rkl\u0101ts ar koka r\u0101mi un numur\u0113ts t\u0101, ka katram numuram ir pie\u0161\u0137irta konkr\u0113ta kr\u0101sa. Viss, kas jums j\u0101dara, ir katru numur\u0113to lodzi\u0146u nokr\u0101sot ar attiec\u012bgo kr\u0101su.   <\/p>\n<p>Izv\u0113l\u0113t\u0101s gleznas apglezno\u0161ana aiz\u0146ems aptuveni 5-7 stundas atkar\u012bb\u0101 no t\u0101s sare\u017e\u0123\u012bt\u012bbas un kr\u0101su skaita.<\/p>\n<p>Lai jautra glezno\u0161ana!<\/p>\n","protected":false},"featured_media":71161,"template":"","meta":[],"product_brand":[],"product_cat":[260,218],"product_tag":[],"class_list":{"0":"post-71158","1":"product","2":"type-product","3":"status-publish","4":"has-post-thumbnail","6":"product_cat-berniem","7":"product_cat-filmas-un-seriali","8":"pa_kategorija-berniem","9":"pa_kategorija-filmas-un-seriali","10":"pa_paveikslo-dydis-40-x-50-cm-lv","11":"pa_spalvu-skaicius-117","12":"pa_sudetingumas-131","14":"first","15":"outofstock","16":"sale","17":"taxable","18":"shipping-taxable","19":"purchasable","20":"product-type-simple"},"_links":{"self":[{"href":"https:\/\/manotapyba.lt\/lv\/wp-json\/wp\/v2\/product\/71158","targetHints":{"allow":["GET"]}}],"collection":[{"href":"https:\/\/manotapyba.lt\/lv\/wp-json\/wp\/v2\/product"}],"about":[{"href":"https:\/\/manotapyba.lt\/lv\/wp-json\/wp\/v2\/types\/product"}],"wp:featuredmedia":[{"embeddable":true,"href":"https:\/\/manotapyba.lt\/lv\/wp-json\/wp\/v2\/media\/71161"}],"wp:attachment":[{"href":"https:\/\/manotapyba.lt\/lv\/wp-json\/wp\/v2\/media?parent=71158"}],"wp:term":[{"taxonomy":"product_brand","embeddable":true,"href":"https:\/\/manotapyba.lt\/lv\/wp-json\/wp\/v2\/product_brand?post=71158"},{"taxonomy":"product_cat","embeddable":true,"href":"https:\/\/manotapyba.lt\/lv\/wp-json\/wp\/v2\/product_cat?post=71158"},{"taxonomy":"product_tag","embeddable":true,"href":"https:\/\/manotapyba.lt\/lv\/wp-json\/wp\/v2\/product_tag?post=71158"}],"curies":[{"name":"wp","href":"https:\/\/api.w.org\/{rel}","templated":true}]}}