{"id":71189,"date":"2025-01-20T13:51:56","date_gmt":"2025-01-20T11:51:56","guid":{"rendered":"https:\/\/manotapyba.lt\/p\/witcher\/"},"modified":"2025-11-28T15:57:48","modified_gmt":"2025-11-28T12:57:48","slug":"witcher","status":"publish","type":"product","link":"https:\/\/manotapyba.lt\/lv\/p\/witcher\/","title":{"rendered":"Witcher"},"content":{"rendered":"","protected":false},"excerpt":{"rendered":"<p>&#8220;V\u0113laties izm\u0113\u0123in\u0101t jaunu br\u012bv\u0101 laika pavad\u012b\u0161anas veidu? Vai veidu, k\u0101 nomierin\u0101t savu aiz\u0146emto pr\u0101tu? <\/p>\n<p>M\u016bsu kr\u0101so\u0161anas p\u0113c skait\u013ciem komplekti ir tie\u0161i tas, ko j\u016bs mekl\u0113jat! \u0160\u012b kr\u0101sain\u0101 aktivit\u0101te \u013caus jums atp\u016bsties p\u0113c saspringtas dienas | koncentr\u0113ties uz \u0161eit un tagad un atbr\u012bvot savu rado\u0161o dv\u0113seli.  Neskaitiet laiku un izbaudiet kr\u0101saino terapiju katru dienu!<\/p>\n<p>Glezna ir uzst\u0101d\u012bta uz koka r\u0101mja un numur\u0113ta t\u0101, ka katram ciparam ir pie\u0161\u0137irta konkr\u0113ta kr\u0101sa. Viss, kas tev j\u0101dara, ir j\u0101izkr\u0101so katrs numur\u0113tais laukumi\u0146\u0161 ar atbilsto\u0161o kr\u0101su. <\/p>\n<p>Izv\u0113l\u0113tais gleznojums aiz\u0146ems apm\u0113ram 5\u20137 stundas, atkar\u012bb\u0101 no sare\u017e\u0123\u012bt\u012bbas un kr\u0101su skaita.<\/p>\n<p>Priec\u0101jieties par kr\u0101so\u0161anu!&#8221;<\/p>\n","protected":false},"featured_media":71192,"template":"","meta":[],"product_brand":[],"product_cat":[218,212],"product_tag":[],"class_list":{"0":"post-71189","1":"product","2":"type-product","3":"status-publish","4":"has-post-thumbnail","6":"product_cat-filmas-un-seriali","7":"product_cat-jaunumi","8":"pa_kategorija-filmas-un-seriali","9":"pa_paveikslo-dydis-40-x-50-cm-lv","10":"pa_spalvu-skaicius-115","11":"pa_sudetingumas-130","13":"first","14":"outofstock","15":"sale","16":"taxable","17":"shipping-taxable","18":"purchasable","19":"product-type-simple"},"_links":{"self":[{"href":"https:\/\/manotapyba.lt\/lv\/wp-json\/wp\/v2\/product\/71189","targetHints":{"allow":["GET"]}}],"collection":[{"href":"https:\/\/manotapyba.lt\/lv\/wp-json\/wp\/v2\/product"}],"about":[{"href":"https:\/\/manotapyba.lt\/lv\/wp-json\/wp\/v2\/types\/product"}],"wp:featuredmedia":[{"embeddable":true,"href":"https:\/\/manotapyba.lt\/lv\/wp-json\/wp\/v2\/media\/71192"}],"wp:attachment":[{"href":"https:\/\/manotapyba.lt\/lv\/wp-json\/wp\/v2\/media?parent=71189"}],"wp:term":[{"taxonomy":"product_brand","embeddable":true,"href":"https:\/\/manotapyba.lt\/lv\/wp-json\/wp\/v2\/product_brand?post=71189"},{"taxonomy":"product_cat","embeddable":true,"href":"https:\/\/manotapyba.lt\/lv\/wp-json\/wp\/v2\/product_cat?post=71189"},{"taxonomy":"product_tag","embeddable":true,"href":"https:\/\/manotapyba.lt\/lv\/wp-json\/wp\/v2\/product_tag?post=71189"}],"curies":[{"name":"wp","href":"https:\/\/api.w.org\/{rel}","templated":true}]}}