{"id":71754,"date":"2024-09-23T23:07:00","date_gmt":"2024-09-23T21:07:00","guid":{"rendered":"https:\/\/manotapyba.lt\/p\/radit-pasauli-ix-no-13-gleznu-serijas-1905-m-k-ciurlionis-reprodukcija\/"},"modified":"2025-03-26T14:33:43","modified_gmt":"2025-03-26T11:33:43","slug":"radit-pasauli-ix-no-13-gleznu-serijas-1905-m-k-ciurlionis-reprodukcija","status":"publish","type":"product","link":"https:\/\/manotapyba.lt\/lv\/p\/radit-pasauli-ix-no-13-gleznu-serijas-1905-m-k-ciurlionis-reprodukcija\/","title":{"rendered":"&#8220;Rad\u012bt pasauli. IX no 13 gleznu s\u0113rijas.&#8221; (1905) M.K.\u010ciurlionis &#8211; reprodukcija"},"content":{"rendered":"","protected":false},"excerpt":{"rendered":"<p class=\"\" data-start=\"22\" data-end=\"142\">Izbaudi Mikalojusa Konstant\u012bna \u010ciurlionisa burv\u012bgo pasauli ar m\u016bsu unik\u0101lajiem glezno\u0161anas p\u0113c numuriem komplektiem!<\/p>\n<p class=\"\" data-start=\"144\" data-end=\"318\"><strong>Mikalojus Konstant\u012bns \u010ciurlionis (1875\u20131911)<\/strong> ir viens no izcil\u0101kajiem Lietuvas gleznot\u0101jiem un komponistiem, kur\u0161 atst\u0101jis spilgtu rado\u0161o nospiedumu pasaules m\u0101kslas v\u0113stur\u0113.<\/p>\n<p class=\"\" data-start=\"326\" data-end=\"507\">2025 gads b\u016bs M.K. \u010ciurliona jubilejas gads. Visa Lietuva atz\u012bm\u0113s vi\u0146a 150. dzim\u0161anas gadadienu, un t\u0101d\u0113\u013c m\u0113s v\u0113lamies rad\u012bt iesp\u0113ju izjust \u0161\u012b izcil\u0101 m\u0101kslinieka rado\u0161umu ar sav\u0101m rok\u0101m.<\/p>\n<p class=\"\" data-start=\"509\" data-end=\"605\">Glezna ir uzst\u0101d\u012bta uz koka r\u0101mja un numur\u0113ta t\u0101, ka katram ciparam ir pie\u0161\u0137irta konkr\u0113ta kr\u0101sa.<\/p>\n<p class=\"\" data-start=\"607\" data-end=\"644\"><strong>Tas ir ierobe\u017eota izdevuma komplekts.<\/strong><\/p>\n<p class=\"\" data-start=\"646\" data-end=\"693\">M.K. \u010ciurliona glezno\u0161anas komplekts sast\u0101v no:<\/p>\n<ul data-start=\"695\" data-end=\"918\">\n<li class=\"\" data-start=\"695\" data-end=\"756\">\n<p class=\"\" data-start=\"697\" data-end=\"756\">Augstas kvalit\u0101tes audekls ar cipariem apz\u012bm\u0113tiem laukumiem<\/p>\n<\/li>\n<li class=\"\" data-start=\"757\" data-end=\"789\">\n<p class=\"\" data-start=\"759\" data-end=\"789\">3 \u0113rtas otas ar da\u017e\u0101du biezumu<\/p>\n<\/li>\n<li class=\"\" data-start=\"790\" data-end=\"815\">\n<p class=\"\" data-start=\"792\" data-end=\"815\">Numur\u0113tas akrila kr\u0101sas<\/p>\n<\/li>\n<li class=\"\" data-start=\"816\" data-end=\"866\">\n<p class=\"\" data-start=\"818\" data-end=\"866\">Papildu tur\u0113t\u0101js gleznas pakarin\u0101\u0161anai uz sienas<\/p>\n<\/li>\n<li class=\"\" data-start=\"867\" data-end=\"893\">\n<p class=\"\" data-start=\"869\" data-end=\"893\">Kontroles lapa (QR kods)<\/p>\n<\/li>\n<li class=\"\" data-start=\"894\" data-end=\"918\">\n<p class=\"\" data-start=\"896\" data-end=\"918\">Instrukcijas (QR kods)<\/p>\n<\/li>\n<\/ul>\n<p class=\"\" data-start=\"920\" data-end=\"944\">Priec\u012bgu glezno\u0161anu!<\/p>\n","protected":false},"featured_media":71757,"template":"","meta":[],"product_brand":[],"product_cat":[405],"product_tag":[],"class_list":{"0":"post-71754","1":"product","2":"type-product","3":"status-publish","4":"has-post-thumbnail","6":"product_cat-ciurlionis-gleznas","7":"pa_kategorija-m-k-ciurlionis","8":"pa_paveikslo-dydis-40-x-50-cm-lv","9":"pa_sudetingumas-131","11":"first","12":"instock","13":"sale","14":"taxable","15":"shipping-taxable","16":"purchasable","17":"product-type-simple"},"_links":{"self":[{"href":"https:\/\/manotapyba.lt\/lv\/wp-json\/wp\/v2\/product\/71754","targetHints":{"allow":["GET"]}}],"collection":[{"href":"https:\/\/manotapyba.lt\/lv\/wp-json\/wp\/v2\/product"}],"about":[{"href":"https:\/\/manotapyba.lt\/lv\/wp-json\/wp\/v2\/types\/product"}],"wp:featuredmedia":[{"embeddable":true,"href":"https:\/\/manotapyba.lt\/lv\/wp-json\/wp\/v2\/media\/71757"}],"wp:attachment":[{"href":"https:\/\/manotapyba.lt\/lv\/wp-json\/wp\/v2\/media?parent=71754"}],"wp:term":[{"taxonomy":"product_brand","embeddable":true,"href":"https:\/\/manotapyba.lt\/lv\/wp-json\/wp\/v2\/product_brand?post=71754"},{"taxonomy":"product_cat","embeddable":true,"href":"https:\/\/manotapyba.lt\/lv\/wp-json\/wp\/v2\/product_cat?post=71754"},{"taxonomy":"product_tag","embeddable":true,"href":"https:\/\/manotapyba.lt\/lv\/wp-json\/wp\/v2\/product_tag?post=71754"}],"curies":[{"name":"wp","href":"https:\/\/api.w.org\/{rel}","templated":true}]}}