{"id":72762,"date":"2024-12-01T16:56:01","date_gmt":"2024-12-01T14:56:01","guid":{"rendered":"https:\/\/manotapyba.lt\/p\/aguonos\/"},"modified":"2026-02-24T11:53:44","modified_gmt":"2026-02-24T09:53:44","slug":"aguonos","status":"publish","type":"product","link":"https:\/\/manotapyba.lt\/lv\/p\/aguonos\/","title":{"rendered":"Aguonos"},"content":{"rendered":"","protected":false},"excerpt":{"rendered":"<p>Vai v\u0113lies izm\u0113\u0123in\u0101t jaunu br\u012bv\u0101 laika nodarbi? Vai varb\u016bt veidu, k\u0101 nomierin\u0101t steidz\u012bg\u0101s domas? <\/p>\n<p>M\u016bsu kr\u0101so\u0161anas p\u0113c skait\u013ciem komplekti ir tie\u0161i tas, ko j\u016bs mekl\u0113jat! \u0160\u012b kr\u0101sain\u0101 aktivit\u0101te \u013caus jums atp\u016bsties p\u0113c saspringtas dienas | koncentr\u0113ties uz \u0161eit un tagad un atbr\u012bvot savu rado\u0161o dv\u0113seli.  Neskaitiet laiku un izbaudiet kr\u0101saino terapiju katru dienu!<\/p>\n<p>Audekls ir p\u0101rkl\u0101ts ar koka r\u0101mi un numur\u0113ts t\u0101, ka katram numuram ir pie\u0161\u0137irta konkr\u0113ta kr\u0101sa. Viss, kas jums j\u0101dara, ir katru numur\u0113to lodzi\u0146u j\u0101apkr\u0101so ar atbilsto\u0161o kr\u0101su.   <\/p>\n<p>Izv\u0113l\u0113tais gleznojums aiz\u0146ems apm\u0113ram 5\u20137 stundas, atkar\u012bb\u0101 no sare\u017e\u0123\u012bt\u012bbas un kr\u0101su skaita.<\/p>\n<p>Lai jautra glezno\u0161ana!<\/p>\n","protected":false},"featured_media":72765,"template":"","meta":[],"product_brand":[],"product_cat":[219,221],"product_tag":[],"class_list":{"0":"post-72762","1":"product","2":"type-product","3":"status-publish","4":"has-post-thumbnail","6":"product_cat-daba","7":"product_cat-ziedi","8":"pa_kategorija-daba","9":"pa_kategorija-ziedi","10":"pa_paveikslo-dydis-40-x-50-cm-lv","11":"pa_sudetingumas-131","13":"first","14":"outofstock","15":"sale","16":"taxable","17":"shipping-taxable","18":"purchasable","19":"product-type-simple"},"_links":{"self":[{"href":"https:\/\/manotapyba.lt\/lv\/wp-json\/wp\/v2\/product\/72762","targetHints":{"allow":["GET"]}}],"collection":[{"href":"https:\/\/manotapyba.lt\/lv\/wp-json\/wp\/v2\/product"}],"about":[{"href":"https:\/\/manotapyba.lt\/lv\/wp-json\/wp\/v2\/types\/product"}],"wp:featuredmedia":[{"embeddable":true,"href":"https:\/\/manotapyba.lt\/lv\/wp-json\/wp\/v2\/media\/72765"}],"wp:attachment":[{"href":"https:\/\/manotapyba.lt\/lv\/wp-json\/wp\/v2\/media?parent=72762"}],"wp:term":[{"taxonomy":"product_brand","embeddable":true,"href":"https:\/\/manotapyba.lt\/lv\/wp-json\/wp\/v2\/product_brand?post=72762"},{"taxonomy":"product_cat","embeddable":true,"href":"https:\/\/manotapyba.lt\/lv\/wp-json\/wp\/v2\/product_cat?post=72762"},{"taxonomy":"product_tag","embeddable":true,"href":"https:\/\/manotapyba.lt\/lv\/wp-json\/wp\/v2\/product_tag?post=72762"}],"curies":[{"name":"wp","href":"https:\/\/api.w.org\/{rel}","templated":true}]}}