{"id":73299,"date":"2024-02-01T09:19:00","date_gmt":"2024-02-01T07:19:00","guid":{"rendered":"https:\/\/manotapyba.lt\/p\/big-ben\/"},"modified":"2026-02-24T10:18:19","modified_gmt":"2026-02-24T08:18:19","slug":"big-ben","status":"publish","type":"product","link":"https:\/\/manotapyba.lt\/lv\/p\/big-ben\/","title":{"rendered":"Big Ben"},"content":{"rendered":"<p><img loading=\"lazy\" decoding=\"async\" width=\"450\" height=\"450\" src=\"https:\/\/manotapyba.lt\/wp-content\/uploads\/2024\/01\/tapybos-pagal-skaicius-kas-sudaro-rinkini.png\" alt=\"tapybos pagal skai\u010dius rinkinio sud\u0117tis\" srcset=\"https:\/\/manotapyba.lt\/wp-content\/uploads\/2024\/01\/tapybos-pagal-skaicius-kas-sudaro-rinkini.png 450w, https:\/\/manotapyba.lt\/wp-content\/uploads\/2024\/01\/tapybos-pagal-skaicius-kas-sudaro-rinkini-300x300.png 300w, https:\/\/manotapyba.lt\/wp-content\/uploads\/2024\/01\/tapybos-pagal-skaicius-kas-sudaro-rinkini-150x150.png 150w\" sizes=\"auto, (max-width: 450px) 100vw, 450px\" \/>\t\t\t\t\t\t\t\t\t\t\t\t\t\t\t<\/p>\n<h2>Kas veido komplektu?<\/h2>\n<p>Komplekt\u0101 ietilpst:<\/p>\n<ul>\n<li aria-level=\"1\">Augstas kvalit\u0101tes audekls ar numur\u0113t\u0101m kast\u012bt\u0113m<\/li>\n<li aria-level=\"1\">3 gab. \u0113rti da\u017e\u0101da biezuma otas <\/li>\n<li aria-level=\"1\">Numur\u0113tas akrila kr\u0101sas<\/li>\n<li aria-level=\"1\">Papildu stiprin\u0101jums gleznas piek\u0101r\u0161anai pie sienas<\/li>\n<li aria-level=\"1\">Att\u0113lu kontrolsaraksts<\/li>\n<li aria-level=\"1\">Instrukcijas<\/li>\n<\/ul>\n<p>\t\t\t\t\t\t\t\t\t\t\t\t\t\t\t<img loading=\"lazy\" decoding=\"async\" width=\"768\" height=\"754\" src=\"https:\/\/manotapyba.lt\/wp-content\/uploads\/2024\/01\/mergina-ir-suniukas-tapo-pagal-skaicius-1-768x754.jpg\" alt=\"Mergina ir \u0161uniukas tapo paveiksl\u0105 pagal skai\u010dius\" srcset=\"https:\/\/manotapyba.lt\/wp-content\/uploads\/2024\/01\/mergina-ir-suniukas-tapo-pagal-skaicius-1-768x754.jpg 768w, https:\/\/manotapyba.lt\/wp-content\/uploads\/2024\/01\/mergina-ir-suniukas-tapo-pagal-skaicius-1-scaled-150x147.jpg 150w, https:\/\/manotapyba.lt\/wp-content\/uploads\/2024\/01\/mergina-ir-suniukas-tapo-pagal-skaicius-1-scaled-600x589.jpg 600w, https:\/\/manotapyba.lt\/wp-content\/uploads\/2024\/01\/mergina-ir-suniukas-tapo-pagal-skaicius-1-300x294.jpg 300w, https:\/\/manotapyba.lt\/wp-content\/uploads\/2024\/01\/mergina-ir-suniukas-tapo-pagal-skaicius-1-1024x1005.jpg 1024w, https:\/\/manotapyba.lt\/wp-content\/uploads\/2024\/01\/mergina-ir-suniukas-tapo-pagal-skaicius-1-1536x1507.jpg 1536w, https:\/\/manotapyba.lt\/wp-content\/uploads\/2024\/01\/mergina-ir-suniukas-tapo-pagal-skaicius-1-2048x2009.jpg 2048w\" sizes=\"auto, (max-width: 768px) 100vw, 768px\" \/>\t\t\t\t\t\t\t\t\t\t\t\t\t\t\t<\/p>\n<h2>B\u016bt \u0161eit un tagad&#8230;<\/h2>\n<p>Miers&#8230; laiks sev&#8230; b\u016bt \u0161eit un tagad&#8230; T\u0101s ir tikai da\u017eas no saj\u016bt\u0101m, ko var piedz\u012bvot, gleznojot ar skait\u013ciem. Tikai j\u016bs, kr\u0101sas un ota, kas l\u0113ni p\u0101rvietojas pa audekla virsmu.  T\u0101 ir sava veida medit\u0101cija, kas \u013cauj iegremd\u0113ties kr\u0101sain\u0101 miera pasaul\u0113. Izv\u0113lieties savu n\u0101kamo m\u0101kslas darbu un \u013caujiet sev atp\u016bsties no vis\u0101m ikdienas r\u016bp\u0113m.<\/p>\n<p>\t\t\t\t\t\t\t\t\t\t\t\t\t\t\t<img loading=\"lazy\" decoding=\"async\" width=\"400\" height=\"400\" src=\"https:\/\/manotapyba.lt\/wp-content\/uploads\/2024\/01\/tapymo-pagal-skaicius-instrukcijos-1.png\" alt=\"Tapymo pagal skai\u010dius instrukcijos\" srcset=\"https:\/\/manotapyba.lt\/wp-content\/uploads\/2024\/01\/tapymo-pagal-skaicius-instrukcijos-1.png 400w, https:\/\/manotapyba.lt\/wp-content\/uploads\/2024\/01\/tapymo-pagal-skaicius-instrukcijos-1-300x300.png 300w, https:\/\/manotapyba.lt\/wp-content\/uploads\/2024\/01\/tapymo-pagal-skaicius-instrukcijos-1-150x150.png 150w\" sizes=\"auto, (max-width: 400px) 100vw, 400px\" \/>\t\t\t\t\t\t\t\t\t\t\t\t\t\t\t<\/p>\n<h2>Vienk\u0101r\u0161i k\u0101 1&#8230;2&#8230;3&#8230;<\/h2>\n<p>Z\u012bm\u0113\u0161ana p\u0113c skait\u013ciem ir \u013coti vienk\u0101r\u0161a un saisto\u0161a aktivit\u0101te. Izv\u0113l\u0113t\u0101s gleznas audekls ir numur\u0113ts t\u0101, ka katram skaitlim ir pie\u0161\u0137irta kr\u0101sa.  Viss, kas jums j\u0101dara, ir katru numur\u0113to lodzi\u0146u iekr\u0101sot atbilsto\u0161\u0101 kr\u0101s\u0101. \u0160\u012b aktivit\u0101te \u013caus ikvienam rad\u012bt unik\u0101lu m\u0101kslas darbu neatkar\u012bgi no vecuma un m\u0101kslinieciskaj\u0101m sp\u0113j\u0101m.<\/p>\n","protected":false},"excerpt":{"rendered":"<p>Vai v\u0113lies izm\u0113\u0123in\u0101t jaunu br\u012bv\u0101 laika nodarbi? Vai varb\u016bt veidu, k\u0101 nomierin\u0101t steidz\u012bg\u0101s domas? <\/p>\n<p>M\u016bsu kr\u0101so\u0161anas p\u0113c skait\u013ciem komplekti ir tie\u0161i tas, ko j\u016bs mekl\u0113jat! \u0160\u012b kr\u0101sain\u0101 aktivit\u0101te \u013caus jums atp\u016bsties p\u0113c saspringtas dienas, koncentr\u0113ties uz \u0161eit un tagad un atbr\u012bvot savu rado\u0161o dv\u0113seli.  Neskaitiet laiku un izbaudiet kr\u0101saino terapiju katru dienu!<\/p>\n<p>Gleznas audekls ir p\u0101rkl\u0101ts ar koka r\u0101mi un numur\u0113ts t\u0101, ka katram numuram ir pie\u0161\u0137irta konkr\u0113ta kr\u0101sa. Viss, kas jums j\u0101dara, ir katru numur\u0113to lodzi\u0146u nokr\u0101sot ar atbilsto\u0161o kr\u0101su. <\/p>\n<p>Izv\u0113l\u0113t\u0101s gleznas apglezno\u0161ana aiz\u0146ems aptuveni 5-7 stundas atkar\u012bb\u0101 no t\u0101s sare\u017e\u0123\u012bt\u012bbas un kr\u0101su skaita.<\/p>\n<p>Lai jautra glezno\u0161ana!<\/p>\n","protected":false},"featured_media":73301,"template":"elementor_theme","meta":[],"product_brand":[],"product_cat":[249],"product_tag":[],"class_list":{"0":"post-73299","1":"product","2":"type-product","3":"status-publish","4":"has-post-thumbnail","6":"product_cat-pilseta","7":"pa_kategorija-pilseta","8":"pa_paveikslo-dydis-40-x-50-cm-lv","9":"pa_spalvu-skaicius-119","10":"pa_sudetingumas-131","12":"first","13":"outofstock","14":"sale","15":"taxable","16":"shipping-taxable","17":"purchasable","18":"product-type-simple"},"_links":{"self":[{"href":"https:\/\/manotapyba.lt\/lv\/wp-json\/wp\/v2\/product\/73299","targetHints":{"allow":["GET"]}}],"collection":[{"href":"https:\/\/manotapyba.lt\/lv\/wp-json\/wp\/v2\/product"}],"about":[{"href":"https:\/\/manotapyba.lt\/lv\/wp-json\/wp\/v2\/types\/product"}],"wp:featuredmedia":[{"embeddable":true,"href":"https:\/\/manotapyba.lt\/lv\/wp-json\/wp\/v2\/media\/73301"}],"wp:attachment":[{"href":"https:\/\/manotapyba.lt\/lv\/wp-json\/wp\/v2\/media?parent=73299"}],"wp:term":[{"taxonomy":"product_brand","embeddable":true,"href":"https:\/\/manotapyba.lt\/lv\/wp-json\/wp\/v2\/product_brand?post=73299"},{"taxonomy":"product_cat","embeddable":true,"href":"https:\/\/manotapyba.lt\/lv\/wp-json\/wp\/v2\/product_cat?post=73299"},{"taxonomy":"product_tag","embeddable":true,"href":"https:\/\/manotapyba.lt\/lv\/wp-json\/wp\/v2\/product_tag?post=73299"}],"curies":[{"name":"wp","href":"https:\/\/api.w.org\/{rel}","templated":true}]}}