{"id":73689,"date":"2024-01-01T00:00:00","date_gmt":"2023-12-31T21:00:00","guid":{"rendered":"https:\/\/manotapyba.lt\/p\/tulpju-lauki-holande-modelu-komplekts\/"},"modified":"2025-03-26T15:14:18","modified_gmt":"2025-03-26T12:14:18","slug":"tulpju-lauki-holande-modelu-komplekts","status":"publish","type":"product","link":"https:\/\/manotapyba.lt\/lv\/p\/tulpju-lauki-holande-modelu-komplekts\/","title":{"rendered":"&#8220;Tulpju lauki Holand\u0113&#8221; &#8211; Model\u0113\u0161anas komplekts"},"content":{"rendered":"<p><img loading=\"lazy\" decoding=\"async\" width=\"240\" height=\"426\" src=\"https:\/\/manotapyba.lt\/wp-content\/uploads\/2025\/02\/0226.gif\" alt=\"\" sizes=\"auto, \">\t\t\t\t\t\t\t\t\t\t\t\t\t\t\t<\/p>\n<h2>Rado\u0161a pieredze, kas balst\u012bta uz piesk\u0101rienu<\/h2>\n<p>Katrs piesk\u0101riens rada at\u0161\u0137ir\u012bgu darba deta\u013cu, kas padara \u0161o \u0161edevru v\u0113l unik\u0101l\u0101ku. T\u0101 ir unik\u0101la rado\u0161a pieredze, kas \u013cauj ne tikai izbaud\u012bt model\u0113\u0161anu, bet ar\u012b atp\u016bsties p\u0113c saspringtas dienas. Komplekt\u0101 ir viss nepiecie\u0161amais, t\u0101p\u0113c jums par neko nav j\u0101uztraucas. Vienk\u0101r\u0161i iesl\u0113dziet savu iecien\u012bt\u0101ko m\u016bziku un iegremd\u0113jiet sevi rado\u0161\u0101 ce\u013cojum\u0101 ar taustes pal\u012bdz\u012bbu.   <\/p>\n<p>\t\t\t\t\t\t\t\t\t\t\t\t\t\t\t<img loading=\"lazy\" decoding=\"async\" width=\"768\" height=\"1024\" src=\"https:\/\/manotapyba.lt\/wp-content\/uploads\/2024\/01\/kurybinis-rinkinis-is-molio-768x1024.jpeg\" alt=\"\" srcset=\"https:\/\/manotapyba.lt\/wp-content\/uploads\/2024\/01\/kurybinis-rinkinis-is-molio-768x1024.jpeg 768w, https:\/\/manotapyba.lt\/wp-content\/uploads\/2024\/01\/kurybinis-rinkinis-is-molio-225x300.jpeg 225w, https:\/\/manotapyba.lt\/wp-content\/uploads\/2024\/01\/kurybinis-rinkinis-is-molio-1152x1536.jpeg 1152w, https:\/\/manotapyba.lt\/wp-content\/uploads\/2024\/01\/kurybinis-rinkinis-is-molio-1536x2048.jpeg 1536w, https:\/\/manotapyba.lt\/wp-content\/uploads\/2024\/01\/kurybinis-rinkinis-is-molio-990x1320.jpeg 990w, https:\/\/manotapyba.lt\/wp-content\/uploads\/2024\/01\/kurybinis-rinkinis-is-molio-441x588.jpeg 441w, https:\/\/manotapyba.lt\/wp-content\/uploads\/2024\/01\/kurybinis-rinkinis-is-molio-600x800.jpeg 600w, https:\/\/manotapyba.lt\/wp-content\/uploads\/2024\/01\/kurybinis-rinkinis-is-molio-150x200.jpeg 150w, https:\/\/manotapyba.lt\/wp-content\/uploads\/2024\/01\/kurybinis-rinkinis-is-molio-scaled.jpeg 1920w\" sizes=\"auto, (max-width: 768px) 100vw, 768px\">\t\t\t\t\t\t\t\t\t\t\t\t\t\t\t<\/p>\n<h2>T\u0101 ir pieredze, kas \u013cauj&#8230;<br \/>\n<\/h2>\n<p>\ud83d\ude0c Atp\u016bsties un mazin\u0101t stresu<\/p>\n<p>\u2600\ufe0f Koncentr\u0113jieties uz \u0161eit un tagad<\/p>\n<p>\ud83c\udfa8 Paudiet savu viedokli<\/p>\n<p>\ud83d\udc69\u200d\ud83c\udfa8 Veicin\u0101t rado\u0161umu<\/p>\n<p>\ud83d\udcaa Att\u012bst\u012bt smalk\u0101s motorikas prasmes<\/p>\n<p>\ud83d\uddbc\ufe0f Izveidojiet unik\u0101lu m\u0101jas apdari<\/p>\n","protected":false},"excerpt":{"rendered":"<p class=\"\" data-start=\"22\" data-end=\"78\">Un kas, ja tu var\u0113tu rad\u012bt, izmantojot tikai tausti?<\/p>\n<p class=\"\" data-start=\"80\" data-end=\"474\">Ienirsti rado\u0161um\u0101 ar pa\u0161\u017e\u016bsto\u0161a model\u0113\u0161anas materi\u0101la komplektu. Tas ir izcils rado\u0161ais komplekts, kas paredz\u0113ts jutekliskai pieredzei rad\u012bt. Komplekt\u0101 eso\u0161ais gais\u0101 \u017e\u016bsto\u0161ais m\u0101ls ir viegli model\u0113jams, \u013caujot sajust katru veidoto deta\u013cu. \u0160is model\u0113\u0161anas materi\u0101ls nepie\u0137eras pie rok\u0101m, neatst\u0101j p\u0113das un ir izgatavots tikai no dab\u012bg\u0101m sast\u0101vda\u013c\u0101m. P\u0113c rado\u0161aj\u0101m darbn\u012bc\u0101m \u2013 nek\u0101das nek\u0101rt\u012bbas!<\/p>\n<p class=\"\" data-start=\"476\" data-end=\"721\">Komplekt\u0101 atrad\u012bsi visus nepiecie\u0161amos instrumentus un skaidras instrukcijas. Rad\u012btajam \u0161edevram b\u016bs nepiecie\u0161amas l\u012bdz 24 stund\u0101m, lai piln\u012bb\u0101 iz\u017e\u016btu. \u017d\u016bstot, materi\u0101ls k\u013c\u016bst mat\u0113ts, un, p\u0101rkl\u0101jot ar komplekt\u0101 eso\u0161o laku, ieg\u016bst izcilu sp\u012bdumu.<\/p>\n<p class=\"\" data-start=\"723\" data-end=\"866\">Katrs darbs b\u016bs unik\u0101ls, jo to rad\u012bsi tikai TU. Izbaudi rado\u0161o prieku ar pirkstu galiem, izmantojot pa\u0161\u017e\u016bsto\u0161a model\u0113\u0161anas materi\u0101la komplektu!<\/p>\n","protected":false},"featured_media":73692,"template":"elementor_theme","meta":[],"product_brand":[],"product_cat":[407,212,482],"product_tag":[],"class_list":{"0":"post-73689","1":"product","2":"type-product","3":"status-publish","4":"has-post-thumbnail","6":"product_cat-izpardosana","7":"product_cat-jaunumi","8":"product_cat-modelu-komplekti","9":"pa_kategorija-simulacijas-komplekti","10":"pa_kategorija-zinas","11":"pa_paveikslo-dydis-30-x-40-cm-lv","12":"pa_sudetingumas-131","14":"first","15":"outofstock","16":"sale","17":"taxable","18":"shipping-taxable","19":"purchasable","20":"product-type-simple"},"_links":{"self":[{"href":"https:\/\/manotapyba.lt\/lv\/wp-json\/wp\/v2\/product\/73689","targetHints":{"allow":["GET"]}}],"collection":[{"href":"https:\/\/manotapyba.lt\/lv\/wp-json\/wp\/v2\/product"}],"about":[{"href":"https:\/\/manotapyba.lt\/lv\/wp-json\/wp\/v2\/types\/product"}],"wp:featuredmedia":[{"embeddable":true,"href":"https:\/\/manotapyba.lt\/lv\/wp-json\/wp\/v2\/media\/73692"}],"wp:attachment":[{"href":"https:\/\/manotapyba.lt\/lv\/wp-json\/wp\/v2\/media?parent=73689"}],"wp:term":[{"taxonomy":"product_brand","embeddable":true,"href":"https:\/\/manotapyba.lt\/lv\/wp-json\/wp\/v2\/product_brand?post=73689"},{"taxonomy":"product_cat","embeddable":true,"href":"https:\/\/manotapyba.lt\/lv\/wp-json\/wp\/v2\/product_cat?post=73689"},{"taxonomy":"product_tag","embeddable":true,"href":"https:\/\/manotapyba.lt\/lv\/wp-json\/wp\/v2\/product_tag?post=73689"}],"curies":[{"name":"wp","href":"https:\/\/api.w.org\/{rel}","templated":true}]}}