{"id":86782,"date":"2025-06-24T10:37:56","date_gmt":"2025-06-24T08:37:56","guid":{"rendered":"https:\/\/manotapyba.lt\/p\/emblema-ciurlionis\/"},"modified":"2025-06-24T11:37:56","modified_gmt":"2025-06-24T08:37:56","slug":"emblema-ciurlionis","status":"publish","type":"product","link":"https:\/\/manotapyba.lt\/lv\/p\/emblema-ciurlionis\/","title":{"rendered":"Embl\u0113ma &#8220;\u010ciurlionis&#8221;"},"content":{"rendered":"<p><!-- Kas sudaro rinkin\u012f --><\/p>\n<div class=\"nauda\" style=\"display: flex; align-items: center; justify-content: center; flex-wrap: wrap; gap: 40px; margin-bottom: 50px;\">\n<div style=\"flex: 1; min-width: 300px; display: flex; justify-content: center;\">\n    <img decoding=\"async\" src=\"https:\/\/manotapyba.lt\/wp-content\/uploads\/2025\/06\/tapyba-pagal-skaicius_tapybos-procesas.webp\" alt=\"Glezno\u0161anas komplekts\" style=\"width: 350px; height: 500px; border-radius: 20px; object-fit: cover;\">\n  <\/div>\n<div style=\"flex: 1; min-width: 300px; text-align: center;\">\n<h2 style=\"margin-bottom: 8px;\">Izj\u016bti glezno\u0161anas priek\u0161roc\u012bbas!<\/h2>\n<p style=\"font-weight: 400; font-size: 15px; margin: 0 0 30px 0;\">Izm\u0113\u0123ini gleznas p\u0113c numuriem, jo tas ir\u2026<\/p>\n<ul style=\"list-style: none; padding: 0; margin: 0; text-align: left;\">\n<li style=\"margin-bottom: 12px; display: flex; align-items: center; font-weight: 500; font-size: 15px; line-height: 1.4;\">\n        <img decoding=\"async\" src=\"https:\/\/manotapyba.lt\/wp-content\/uploads\/2025\/06\/ramybe1.png\" alt=\"\" style=\"width: 40px; height: 40px; margin-right: 20px;\"><br \/>\n        <span>Mazina stresu un trauksmi<\/span>\n      <\/li>\n<li style=\"margin-bottom: 12px; display: flex; align-items: center; font-weight: 500; font-size: 15px; line-height: 1.4;\">\n        <img decoding=\"async\" src=\"https:\/\/manotapyba.lt\/wp-content\/uploads\/2025\/06\/artist-palette.256x256.png\" alt=\"\" style=\"width: 40px; height: 40px; margin-right: 20px;\"><br \/>\n        <span>Stimul\u0113 rado\u0161umu<\/span>\n      <\/li>\n<li style=\"margin-bottom: 12px; display: flex; align-items: center; font-weight: 500; font-size: 15px; line-height: 1.4;\">\n        <img decoding=\"async\" src=\"https:\/\/manotapyba.lt\/wp-content\/uploads\/2025\/03\/Paintbrush-Streamline-Twemoji.svg\" alt=\"\" style=\"width: 40px; height: 40px; margin-right: 20px;\"><br \/>\n        <span>Pieejams m\u0101kslas terapijas veids<\/span>\n      <\/li>\n<li style=\"margin-bottom: 12px; display: flex; align-items: center; font-weight: 500; font-size: 15px; line-height: 1.4;\">\n        <img decoding=\"async\" src=\"https:\/\/manotapyba.lt\/wp-content\/uploads\/2025\/03\/Beach-With-Umbrella-Streamline-Twemoji.svg\" alt=\"\" style=\"width: 40px; height: 40px; margin-right: 20px;\"><br \/>\n        <span>Iesp\u0113ja katru dienu doties &#8220;atva\u013cin\u0101jum\u0101&#8221;.<\/span>\n      <\/li>\n<li style=\"margin-bottom: 12px; display: flex; align-items: center; font-weight: 500; font-size: 15px; line-height: 1.4;\">\n        <img decoding=\"async\" src=\"https:\/\/manotapyba.lt\/wp-content\/uploads\/2025\/03\/Wrapped-Gift-Streamline-Twemoji.svg\" alt=\"\" style=\"width: 40px; height: 40px; margin-right: 20px;\"><br \/>\n        <span>Unik\u0101la d\u0101vana<\/span>\n      <\/li>\n<li style=\"margin-bottom: 12px; display: flex; align-items: center; font-weight: 500; font-size: 15px; line-height: 1.4;\">\n        <img decoding=\"async\" src=\"https:\/\/manotapyba.lt\/wp-content\/uploads\/2025\/06\/thumbs-up-default.201x256.png\" alt=\"\" style=\"width: 40px; height: 40px; margin-right: 20px;\"><br \/>\n        <span>Nav nepiecie\u0161amas prasmes<\/span>\n      <\/li>\n<li style=\"margin-bottom: 12px; display: flex; align-items: center; font-weight: 500; font-size: 15px; line-height: 1.4;\">\n        <img decoding=\"async\" src=\"https:\/\/manotapyba.lt\/wp-content\/uploads\/2025\/03\/Gear-Streamline-Twemoji.svg\" alt=\"\" style=\"width: 40px; height: 40px; margin-right: 20px;\"><br \/>\n        <span>Att\u012bsta s\u012bko motoriku un koncentr\u0113\u0161an\u0101s sp\u0113jas<\/span>\n      <\/li>\n<li style=\"margin-bottom: 12px; display: flex; align-items: center; font-weight: 500; font-size: 15px; line-height: 1.4;\">\n        <img decoding=\"async\" src=\"https:\/\/manotapyba.lt\/wp-content\/uploads\/2025\/03\/Framed-Picture-Streamline-Twemoji.svg\" alt=\"\" style=\"width: 40px; height: 40px; margin-right: 20px;\"><br \/>\n        <span>Gala rezult\u0101ts &#8211; M\u0101jas apdare<\/span>\n      <\/li>\n<\/ul><\/div>\n<\/div>\n<style>\n  @media (max-width: 768px) {\n    div[style*=\"flex: 1; min-width: 300px; text-align: center;\"] ul {\n      display: grid;\n      grid-template-columns: repeat(2, 1fr);\n      padding-left: 50px;\n    }\ndiv[style*=\"flex: 1; min-width: 300px; text-align: center;\"] h2 {\n      font-size: 30px; \n    }\n    div[style*=\"flex: 1; min-width: 300px; text-align: center;\"] ul li {\n      width: 75%;\n      margin: 0 auto;\n      flex-direction: column;\n      align-items: center;\n      text-align: center;\nmargin-bottom: 30px !important;\n    }\n    div[style*=\"flex: 1; min-width: 300px; text-align: center;\"] ul li img {\n      margin: 0 0 0 0 !important;\n    }\n  }\n<\/style>\n<div class=\"inspiration-section\">\n<h2 style=\"font-size: 30px\">Iedvesmojieties<\/h2>\n<p style=\"font-weight: 400; font-size: 15px; margin: 0 0 30px 0;\">M\u016bsu klientu gleznotie darbi! \ud83d\udc69\u200d\ud83c\udfa8 <\/p>\n<div class=\"inspiration-grid\">\n    <img decoding=\"async\" src=\"https:\/\/manotapyba.lt\/wp-content\/uploads\/2025\/06\/nutapyta-pagal-skaicius_3.webp\" alt=\"Nutapyta 1\"><br \/>\n    <img decoding=\"async\" src=\"https:\/\/manotapyba.lt\/wp-content\/uploads\/2025\/06\/nutapyta-pagal-skaicius_13.webp\" alt=\"Nutapyta 2\"><br \/>\n    <img decoding=\"async\" src=\"https:\/\/manotapyba.lt\/wp-content\/uploads\/2025\/06\/nutapyta-pagal-skaicius_11.webp\" alt=\"Nutapyta 3\"><br \/>\n    <img decoding=\"async\" src=\"https:\/\/manotapyba.lt\/wp-content\/uploads\/2025\/06\/nutapyta-pagal-skaicius_5.webp\" alt=\"Nutapyta 4\"><br \/>\n    <img decoding=\"async\" src=\"https:\/\/manotapyba.lt\/wp-content\/uploads\/2025\/06\/nutapyta-pagal-skaicius_9.webp\" alt=\"Nutapyta 5\"><br \/>\n    <img decoding=\"async\" src=\"https:\/\/manotapyba.lt\/wp-content\/uploads\/2025\/06\/nutapyta-pagal-skaicius_7.webp\" alt=\"Nutapyta 6\">\n  <\/div>\n<\/div>\n<div class=\"reviews-section\">\n<h2 style=\"font-size: 15px;\">Klientu atsauksmes<\/h2>\n<p style=\"font-weight: 400; font-size: 15px; margin: 0 0 30px 0;\">\n  L\u016bk, ko par mums saka m\u016bsu klienti! \ud83d\ude0d\n  <\/p>\n<div class=\"reviews-container\">\n    [wp_social_ninja id=&#8221;80536&#8243; platform=&#8221;reviews&#8221;]\n  <\/div>\n<\/div>\n","protected":false},"excerpt":{"rendered":"<p>Lai Lietuvas varo\u0146i zied spilgt\u0101s kr\u0101s\u0101s!<\/p>\n<p>Mikalojus Konstant\u012bns \u010ciurlionis ir \u0101rk\u0101rt\u012bgi rado\u0161a person\u012bba, kas atst\u0101jusi dzi\u013cas p\u0113das pasaules m\u0101kslas v\u0113stur\u0113.<\/p>\n<p>\u0160\u012b embl\u0113ma ir smalks velt\u012bjums vi\u0146a darbam un lielisks akcents j\u016bsu ikdienas stilam, \u012bpa\u0161i vi\u0146a 150. dzim\u0161anas dien\u0101.<\/p>\n[cg_accordion title=\"\ud83d\udd8c\ufe0f Inform\u0101cija par produktu\"]<\/p>\n<p>\u012asa inform\u0101cija par akrila laku:<\/p>\n<ul>\n<li>Sast\u0101vs: Misi\u0146\u0161, kr\u0101saina emalja<\/li>\n<li>Izm\u0113rs: Augstums \u2013 3 cm, platums \u2013 2,5 cm<\/li>\n<li>Pielikums: &#8220;Tauri\u0146a aizdare&#8221;<\/li>\n<li>Iepakojums: \u012apa\u0161s kartes dizains \u2013 ide\u0101li piem\u0113rots d\u0101vanai<\/li>\n<\/ul>\n<p>[product_attribute_table]<\/p>\n<p>[\/cg_accordion]\n[cg_accordion title=\"\ud83d\ude9a Pieg\u0101des inform\u0101cija\"]<\/p>\n<p>Pas\u016bt\u012bjumi tiek pieg\u0101d\u0101ti 1-3 darba dienu laik\u0101<\/p>\n<p><strong>Pieg\u0101des metodes:<\/strong><\/p>\n<ul>\n<li>LP Express pasta noda\u013ca (2,99 \u20ac)<\/li>\n<li>DPD pa pastu (2,99 \u20ac)<\/li>\n<li>Ar kurjeru (4,49\u20ac)<\/li>\n<\/ul>\n<p><strong>Bezmaksas pieg\u0101de no 35\u20ac<\/strong><\/p>\n<p>[\/cg_accordion]\n[cg_accordion title=\"\ud83d\udd04 Kompens\u0101cijas\"]<\/p>\n<p>Sa\u0146emto preci varat atgriezt 14 dienu laik\u0101 no pas\u016bt\u012bjuma sa\u0146em\u0161anas dienas.<\/p>\n<p><strong>Svar\u012bgi:<\/strong> precei j\u0101b\u016bt nelietotai un ori\u0123in\u0101laj\u0101 iepakojum\u0101.<\/p>\n<p>Sazinieties ar mums pa e-pastu: <a href=\"mailto:info@manotapyba.lt\">info@manotapyba.lt<\/a> <\/p>\n<p>[\/cg_accordion]\n","protected":false},"featured_media":85577,"template":"","meta":[],"product_brand":[],"product_cat":[581],"product_tag":[],"class_list":{"0":"post-86782","1":"product","2":"type-product","3":"status-publish","4":"has-post-thumbnail","6":"product_cat-piederumi","7":"pa_kategorija-piederumi","9":"first","10":"outofstock","11":"taxable","12":"shipping-taxable","13":"purchasable","14":"product-type-simple"},"_links":{"self":[{"href":"https:\/\/manotapyba.lt\/lv\/wp-json\/wp\/v2\/product\/86782","targetHints":{"allow":["GET"]}}],"collection":[{"href":"https:\/\/manotapyba.lt\/lv\/wp-json\/wp\/v2\/product"}],"about":[{"href":"https:\/\/manotapyba.lt\/lv\/wp-json\/wp\/v2\/types\/product"}],"wp:featuredmedia":[{"embeddable":true,"href":"https:\/\/manotapyba.lt\/lv\/wp-json\/wp\/v2\/media\/85577"}],"wp:attachment":[{"href":"https:\/\/manotapyba.lt\/lv\/wp-json\/wp\/v2\/media?parent=86782"}],"wp:term":[{"taxonomy":"product_brand","embeddable":true,"href":"https:\/\/manotapyba.lt\/lv\/wp-json\/wp\/v2\/product_brand?post=86782"},{"taxonomy":"product_cat","embeddable":true,"href":"https:\/\/manotapyba.lt\/lv\/wp-json\/wp\/v2\/product_cat?post=86782"},{"taxonomy":"product_tag","embeddable":true,"href":"https:\/\/manotapyba.lt\/lv\/wp-json\/wp\/v2\/product_tag?post=86782"}],"curies":[{"name":"wp","href":"https:\/\/api.w.org\/{rel}","templated":true}]}}