{"id":86830,"date":"2024-06-25T16:05:31","date_gmt":"2024-06-25T13:05:31","guid":{"rendered":"https:\/\/manotapyba.lt\/p\/birstes-komplekts-melns-3-gab\/"},"modified":"2024-06-25T16:05:31","modified_gmt":"2024-06-25T13:05:31","slug":"birstes-komplekts-melns-3-gab","status":"publish","type":"product","link":"https:\/\/manotapyba.lt\/lv\/p\/birstes-komplekts-melns-3-gab\/","title":{"rendered":"Birstes komplekts &#8211; melns (3 gab.)"},"content":{"rendered":"","protected":false},"excerpt":{"rendered":"[cg_accordion title=\"\ud83d\udd8c\ufe0f Inform\u0101cija par produktu\"]<\/p>\n<p>\u012asa inform\u0101cija par suk\u0101m:<\/p>\n<ul>\n<li>Piparm\u0113tru kr\u0101sas<\/li>\n<li>Komplekt\u0101 ietilpst 3 gab. Suka <\/li>\n<li>\u0112rti uzglab\u0101t<\/li>\n<li>Augstas kvalit\u0101tes sint\u0113tisk\u0101 \u0161\u0137iedra<\/li>\n<\/ul>\n<p>[product_attribute_table]<\/p>\n<p>[\/cg_accordion]\n[cg_accordion title=\"\ud83d\ude9a Pieg\u0101des inform\u0101cija\"]<\/p>\n<p>Pas\u016bt\u012bjumi tiek pieg\u0101d\u0101ti 1-3 darba dienu laik\u0101<\/p>\n<p><strong>Pieg\u0101des metodes:<\/strong><\/p>\n<ul>\n<li>LP Express pasta noda\u013ca (2,99 \u20ac)<\/li>\n<li>DPD pa pastu (2,99 \u20ac)<\/li>\n<li>Ar kurjeru (4,49\u20ac)<\/li>\n<\/ul>\n<p><strong>Bezmaksas pieg\u0101de no 35\u20ac<\/strong><\/p>\n<p>[\/cg_accordion]\n[cg_accordion title=\"\ud83d\udd04 Kompens\u0101cijas\"]<\/p>\n<p>Sa\u0146emto preci varat atgriezt 14 dienu laik\u0101 no pas\u016bt\u012bjuma sa\u0146em\u0161anas dienas.<\/p>\n<p><strong>Svar\u012bgi:<\/strong> precei j\u0101b\u016bt nelietotai un ori\u0123in\u0101laj\u0101 iepakojum\u0101.<\/p>\n<p>Sazinieties ar mums pa e-pastu: <a href=\"mailto:info@manotapyba.lt\">info@manotapyba.lt<\/a> <\/p>\n<p>[\/cg_accordion]\n","protected":false},"featured_media":82124,"template":"","meta":[],"product_brand":[],"product_cat":[581],"product_tag":[],"class_list":{"0":"post-86830","1":"product","2":"type-product","3":"status-publish","4":"has-post-thumbnail","6":"product_cat-piederumi","7":"pa_kategorija-piederumi","9":"first","10":"outofstock","11":"taxable","12":"shipping-taxable","13":"purchasable","14":"product-type-simple"},"_links":{"self":[{"href":"https:\/\/manotapyba.lt\/lv\/wp-json\/wp\/v2\/product\/86830","targetHints":{"allow":["GET"]}}],"collection":[{"href":"https:\/\/manotapyba.lt\/lv\/wp-json\/wp\/v2\/product"}],"about":[{"href":"https:\/\/manotapyba.lt\/lv\/wp-json\/wp\/v2\/types\/product"}],"wp:featuredmedia":[{"embeddable":true,"href":"https:\/\/manotapyba.lt\/lv\/wp-json\/wp\/v2\/media\/82124"}],"wp:attachment":[{"href":"https:\/\/manotapyba.lt\/lv\/wp-json\/wp\/v2\/media?parent=86830"}],"wp:term":[{"taxonomy":"product_brand","embeddable":true,"href":"https:\/\/manotapyba.lt\/lv\/wp-json\/wp\/v2\/product_brand?post=86830"},{"taxonomy":"product_cat","embeddable":true,"href":"https:\/\/manotapyba.lt\/lv\/wp-json\/wp\/v2\/product_cat?post=86830"},{"taxonomy":"product_tag","embeddable":true,"href":"https:\/\/manotapyba.lt\/lv\/wp-json\/wp\/v2\/product_tag?post=86830"}],"curies":[{"name":"wp","href":"https:\/\/api.w.org\/{rel}","templated":true}]}}