{"id":92397,"date":"2026-01-15T14:46:44","date_gmt":"2026-01-15T12:46:44","guid":{"rendered":"https:\/\/manotapyba.lt\/p\/lusis-starp-lapam\/"},"modified":"2026-01-15T14:46:44","modified_gmt":"2026-01-15T12:46:44","slug":"lusis-starp-lapam","status":"publish","type":"product","link":"https:\/\/manotapyba.lt\/lv\/p\/lusis-starp-lapam\/","title":{"rendered":"L\u016b\u0161is starp lap\u0101m"},"content":{"rendered":"","protected":false},"excerpt":{"rendered":"","protected":false},"featured_media":92175,"template":"","meta":[],"product_brand":[],"product_cat":[220,212],"product_tag":[],"class_list":{"0":"post-92397","1":"product","2":"type-product","3":"status-publish","4":"has-post-thumbnail","6":"product_cat-dzivnieki","7":"product_cat-jaunumi","8":"pa_kategorija-dzivnieki","9":"pa_paveikslo-dydis-40-x-50-cm-lv","10":"pa_sudetingumas-131","12":"first","13":"instock","14":"sale","15":"taxable","16":"shipping-taxable","17":"purchasable","18":"product-type-simple"},"_links":{"self":[{"href":"https:\/\/manotapyba.lt\/lv\/wp-json\/wp\/v2\/product\/92397","targetHints":{"allow":["GET"]}}],"collection":[{"href":"https:\/\/manotapyba.lt\/lv\/wp-json\/wp\/v2\/product"}],"about":[{"href":"https:\/\/manotapyba.lt\/lv\/wp-json\/wp\/v2\/types\/product"}],"wp:featuredmedia":[{"embeddable":true,"href":"https:\/\/manotapyba.lt\/lv\/wp-json\/wp\/v2\/media\/92175"}],"wp:attachment":[{"href":"https:\/\/manotapyba.lt\/lv\/wp-json\/wp\/v2\/media?parent=92397"}],"wp:term":[{"taxonomy":"product_brand","embeddable":true,"href":"https:\/\/manotapyba.lt\/lv\/wp-json\/wp\/v2\/product_brand?post=92397"},{"taxonomy":"product_cat","embeddable":true,"href":"https:\/\/manotapyba.lt\/lv\/wp-json\/wp\/v2\/product_cat?post=92397"},{"taxonomy":"product_tag","embeddable":true,"href":"https:\/\/manotapyba.lt\/lv\/wp-json\/wp\/v2\/product_tag?post=92397"}],"curies":[{"name":"wp","href":"https:\/\/api.w.org\/{rel}","templated":true}]}}